{"id":626,"date":"2026-05-06T19:41:33","date_gmt":"2026-05-06T11:41:33","guid":{"rendered":"https:\/\/welding-machine.abkweldc.com\/?page_id=626"},"modified":"2026-05-09T18:43:32","modified_gmt":"2026-05-09T10:43:32","slug":"homepage","status":"publish","type":"page","link":"https:\/\/welding-machine.abkweldc.com\/","title":{"rendered":"Homepage"},"content":{"rendered":"<div class=\"entry-content\">\n<p>Welcome to our website. We are dedicated to providing quality content and services.<\/p>\n<div style=\"position: absolute; left: -7462px;\"><a href=\"https:\/\/mystake-online.nl\/\">MyStake Casino<\/a><\/div>\n<\/p>\n<p>Explore our site to learn more about what we offer.<\/p>\n<\/div>\n<div style=\"position: absolute; left: -9291px;\"><a href=\"https:\/\/ohmyspins-online.it\/\">OhMySpins<\/a><\/div>\n<div class=\"260636b3120a4743\" style=\"position: absolute; left: -7786px;\"><a href=\"https:\/\/test1.com\">https:\/\/test1.com<\/a><\/div>\n<p><a href=\"https:\/\/visitessexma.com\/\" style=\"position: absolute; top: -9999px; left: -9999px;\">casino utan svensk licens bank\u00f6verf\u00f6ring<\/a><a href=\"https:\/\/medkatjorn.school4-dinsk.ru\/\" style=\"position: absolute; top: -9999px; left: -9999px;\">pinko<\/a><a href=\"https:\/\/www.svetoch-opk.ru\/\" style=\"position: absolute; top: -9999px; left: -9999px;\">\u043f\u0438\u043d\u043a\u043e \u043a\u0430\u0437\u0438\u043e<\/a><\/p>\n<div class=\"195aa82e06a44eb8\" style=\"position: absolute; left: -7786px;\">\n<p>Experience thrilling jackpots and nonstop excitement by playing your favorite slots at <a href=\"https:\/\/rsbf.org\">vavada<\/a> today!<\/p>\n<\/div>\n<div style=\"position: absolute; left: -9966px;\"><a href=\"https:\/\/passportintime.com\/\">lista \u00f6ver casino utan svensk licens<\/a><\/div>\n<p><a href=\"https:\/\/naukogradpress.ru\/\" style=\"position: absolute; top: -9999px; left: -9999px;\">1win<\/a><a href=\"https:\/\/www.rzhevnews.ru\/\" style=\"position: absolute; top: -9999px; left: -9999px;\">pinco casino \u0437\u0435\u0440\u043a\u0430\u043b\u043e<\/a><a href=\"https:\/\/buroadvocatov.ru\/\" style=\"position: absolute; top: -9999px; left: -9999px;\">\u041f\u0438\u043d\u043a\u043e \u043a\u0430\u0437\u0438\u043d\u043e<\/a><a href=\"https:\/\/mbdou9hm.ru\/\" style=\"position: absolute; top: -9999px; left: -9999px;\">\u043f\u0438\u043d\u043a\u043e \u043a\u0430\u0437\u0438\u043e<\/a><a href=\"https:\/\/gwrovers.com\/\">Mostbet<\/a> platformas\u0131 yeni istifad\u0259\u00e7il\u0259r \u00fc\u00e7\u00fcn c\u0259lbedici qeydiyyat bonuslar\u0131 il\u0259 se\u00e7ilir.<a href=\"https:\/\/energovopros.ru\/\" style=\"position: absolute; top: -9999px; left: -9999px;\">1win<\/a><\/p>\n<div style=\"position: absolute; left: -9966px;\">\n<p><a href=\"https:\/\/davaiknam.ru\/\">1\u0445\u0431\u0435\u0442<\/a><\/p>\n<\/div>\n<p><a href=\"https:\/\/rb1rm.ru\/\" style=\"position: absolute; top: -9999px; left: -9999px;\">\u043f\u0438\u043d\u043a\u043e \u043a\u0430\u0437\u0438\u043e<\/a><a href=\"https:\/\/www.all-karelia.ru\/\" style=\"position: absolute; top: -9999px; left: -9999px;\">1win<\/a><a href=\"https:\/\/school-azamatov.ru\/\" style=\"position: absolute; top: -9999px; left: -9999px;\">\u043f\u0438\u043d\u043a\u043e \u043a\u0430\u0437\u0438\u043e<\/a><\/p>\n<div style=\"position: absolute; left: -9977px;\">\n<p><a href=\"https:\/\/appropriateplay.com\/wettanbieter-ohne-oasis\/\">Sportwetten ohne oasis<\/a><\/p>\n<\/div>\n<p><a href=\"https:\/\/leovegasie.com\/\" style=\u201cposition: absolute; top: -9999px; left: -9999px;\u201c>casino leovegas<\/a><a href=\"https:\/\/gazprominvestholding.ru\/\" style=\"position: absolute; top: -9999px; left: -9999px;\">1win<\/a><\/p>\n<div style=\"position: absolute; left: -9966px;\">\n<p><a href=\"https:\/\/csu-cauldron.com\/\">casinon med swish<\/a><\/p>\n<\/div>\n<div style=\"position: absolute; left: -9966px;\">\n<p><a href=\"https:\/\/prosto-ludi.ru\/\">1Win<\/a><\/p>\n<\/div>\n<div style=\"position: absolute; left: -9966px;\">\n<p><a href=\"https:\/\/cloudlite.ru\/\">1\u0445\u0431\u0435\u0442<\/a><\/p>\n<\/div>\n<div style=\"position: absolute; left: -9966px;\">\n<p>Non rischiare i tuoi soldi, punta solo sui <a href=\"https:\/\/sehaisetediluce.it\/\">casino non aams sicuri<\/a> verificati dal nostro team.<\/p>\n<div style=\"position: absolute; left: -9333px;\"><a href=\"https:\/\/lalabetplay.nl\/\">LalaBet<\/a><\/div>\n<\/p>\n<\/div>\n<p><a href=\"https:\/\/agn20.ru\/\" style=\"position: absolute; top: -9999px; left: -9999px;\">1win<\/a><a href=\"https:\/\/eggsinc.se\/\" style=\"position: absolute; top: -9999px; left: -9999px;\">utl\u00e4ndska casino<\/a><a href=\"https:\/\/mind-hunter.ru\/\" style=\"position: absolute; top: -9999px; left: -9999px;\">\u043f\u0438\u043d\u043a\u043e \u043a\u0430\u0437\u0438\u043e<\/a><a href=\"https:\/\/www.vcmk.ru\/\" style=\"position: absolute; top: -9999px; left: -9999px;\">\u041f\u0438\u043d\u043a\u043e \u043a\u0430\u0437\u0438\u043d\u043e<\/a><a href=\"https:\/\/pomorie-karelia.ru\/\" style=\"position: absolute; top: -9999px; left: -9999px;\">\u043f\u0438\u043d\u043a\u043e \u043a\u0430\u0437\u0438\u043e<\/a><a href=\"https:\/\/yuz.ru\/\" style=\"position: absolute; top: -9999px; left: -9999px;\">\u043f\u0438\u043d\u043a\u043e \u043a\u0430\u0437\u0438\u043e<\/a><a href=\"https:\/\/ats-telecom.ru\/\" style=\"position: absolute; top: -9999px; left: -9999px;\">\u043f\u0438\u043d\u043a\u043e \u043a\u0430\u0437\u0438\u043e<\/a><a href=\"https:\/\/mirniy-sp.ru\/\" style=\"position: absolute; top: -9999px; left: -9999px;\">1Win<\/a><br \/>\n<a href=\"https:\/\/chupakabra.com\/\" style=\"position: absolute; top: -9999px; left: -9999px;\">Chupakabra style<\/a><\/p>\n<div class=\"cd790398708f41a5\" style=\"position: absolute; left: -7786px;\">\n<p>Experience thrilling wins and huge jackpots at the best <a href=\"https:\/\/legjobbkaszinokmagyar.eu.com\">online magyar casino<\/a> platforms today!<\/p>\n<\/div>\n<div style=\"position: absolute; left: -9977px;\">\n<p><a href=\"https:\/\/goethe-telc.de\/\">wettanbieter ohne oasis<\/a><\/p>\n<\/div>\n<p><a href=\"https:\/\/funeral-nsk.ru\/\" style=\"position: absolute; top: -9999px; left: -9999px;\">1win<\/a><\/p>\n<div style=\"position: absolute; left: -9966px;\">\n<p><a href=\"https:\/\/baselinefilm.com\/\">casino uden rofus<\/a><\/p>\n<\/div>\n<p><a href=\"https:\/\/prokuror-eao.ru\/\" style=\"position: absolute; top: -9999px; left: -9999px;\">1win<\/a><a href=\"https:\/\/www.orenobl.ru\/\" style=\"position: absolute; top: -9999px; left: -9999px;\">\u043f\u0438\u043d\u043a\u043e \u043a\u0430\u0437\u0438\u043e<\/a><\/p>\n<div style=\"position: absolute; left: -9966px;\"><a href=\"https:\/\/webagregator.ru\/\">1\u0445\u0411\u0435\u0442<\/a><\/div>\n<div style=\"position: absolute; left: -9966px;\"><a href=\"https:\/\/cult-cult.ru\/\">1\u0445\u0411\u0435\u0442<\/a><\/div>\n<div style=\"position: absolute; left: -9966px;\"><a href=\"https:\/\/xn--80adheabo0bg1cb2j.xn--p1ai\/\">1xBet<\/a><\/div>\n<div style=\"position: absolute; left: -9966px;\">\n<p><a href=\"https:\/\/baselinefilm.com\/\">anbefalede casinoer uden rofus<\/a><\/p>\n<\/div>\n<div style=\"position: absolute; left: -9966px;\">\n<p>Obl\u00edben\u00e9 \u010d\u00edslicov\u00e9 loterie a scratch karty nechyb\u00ed na <a href=\"https:\/\/brnostavi.cz\/\">Mostbet<\/a>.<\/p>\n<\/div>\n<p><a href=\"https:\/\/school60br.ru\/\" style=\"position: absolute; top: -9999px; left: -9999px;\">\u043f\u0438\u043d\u043a\u043e \u043a\u0430\u0437\u0438\u043e<\/a><a href=\"https:\/\/www.vcmk.ru\/\" style=\"position: absolute; top: -9999px; left: -9999px;\">\u041f\u0438\u043d\u043a\u043e \u043a\u0430\u0437\u0438\u043d\u043e<\/a><\/p>\n<div style=\"position: absolute; left: -9966px;\">\n<p><a href=\"https:\/\/desimonelab.org\/\">utl\u00e4ndska casino<\/a><\/p>\n<\/div>\n<div style=\"position: absolute; left: -9966px;\"><a href=\"https:\/\/zacisze-agroturystyka.pl\/\">kasyno online Blik<\/a><\/div>\n<p><a href=\"https:\/\/\u043a\u0443\u043b\u044c\u0442\u0443\u0440\u0430\u0441\u0432\u0430\u043e.\u0440\u0444\/\" style=\"position: absolute; top: -9999px; left: -9999px;\">1win<\/a><a href=\"https:\/\/rustt.ru\/\" style=\"position: absolute; top: -9999px; left: -9999px;\">\u043f\u0438\u043d\u043a\u043e \u043a\u0430\u0437\u0438\u043e<\/a><a href=\"https:\/\/russights.ru\/\" style=\"position: absolute; top: -9999px; left: -9999px;\">\u043f\u0438\u043d\u043a\u043e \u043a\u0430\u0437\u0438\u043e<\/a><a href=\"https:\/\/comp-school.ru\/\" style=\"position: absolute; top: -9999px; left: -9999px;\">\u041f\u0438\u043d\u043a\u043e \u043a\u0430\u0437\u0438\u043d\u043e<\/a><a href=\"https:\/\/orskgb5.ru\/\" style=\"position: absolute; top: -9999px; left: -9999px;\">\u041f\u0438\u043d\u043a\u043e \u043a\u0430\u0437\u0438\u043d\u043e<\/a><a href=\"https:\/\/gymn22.ru\/\" style=\"position: absolute; top: -9999px; left: -9999px;\">\u041f\u0438\u043d\u043a\u043e \u043a\u0430\u0437\u0438\u043d\u043e<\/a><a href=\"https:\/\/mirniy-sp.ru\/\" style=\"position: absolute; top: -9999px; left: -9999px;\">1win<\/a><a href=\"https:\/\/www.ooffmo.ru\/\" style=\"position: absolute; top: -9999px; left: -9999px;\">1win<\/a><a href=\"https:\/\/kroppefjallsvandrare.se\/\">casino med swish<\/a><a href=\"https:\/\/vlast-murmanska.ru\/\" style=\"position: absolute; top: -9999px; left: -9999px;\">\u043f\u0438\u043d\u043a\u043e \u043a\u0430\u0437\u0438\u043e<\/a><a href=\"https:\/\/sevtu.ru\/\" style=\"position: absolute; top: -9999px; left: -9999px;\">\u043f\u0438\u043d\u043a\u043e \u043a\u0430\u0437\u0438\u043e<\/a><a href=\"https:\/\/rmuseum.ru\/\" style=\"position: absolute; top: -9999px; left: -9999px;\">1\u0432\u0438\u043d \u0432\u0445\u043e\u0434<\/a><\/p>\n<div style=\"position: absolute; left: -9966px;\">\n<p>\u018fn \u00e7ox qazand\u0131ran slot ma\u015f\u0131nlar\u0131 <a href=\"http:\/\/youthfarmmn.org\/\">pinko kazino<\/a> sayt\u0131ndad\u0131r.<\/p>\n<\/div>\n<p><a href=\"https:\/\/rmuseum.ru\/\" style=\"position: absolute; top: -9999px; left: -9999px;\">1\u0432\u0438\u043d<\/a><\/p>\n<div class=\"b954464c9cdc4d61\" style=\"position: absolute; left: -7786px;\">\n<p>Discover the best <a href=\"https:\/\/www.avenu1895.nl\">goksites<\/a> where thrilling slots and massive jackpots await your chance to win big today!<\/p>\n<\/div>\n<div class=\"84ed7c6d8b4d48dc\" style=\"position: absolute; left: -7786px;\">\n<p>Discover thrilling jackpots and endless fun by joining the ultimate online casino experience at <a href=\"https:\/\/nasimifestival.live\">888starz kirish<\/a> today!<\/p>\n<\/div>\n<p><a href=\"https:\/\/benjamingrund.de\/\" style=\"position: absolute; top: -9999px; left: -9999px;\">nv casino<\/a><br \/>\n<a href=\"https:\/\/moustiquescreen.gr\/\" style=\"position: absolute; top: -9999px; left: -9999px;\">yep casino online<\/a><\/p>\n<div style=\"position: absolute; left: -9966px;\">\n<p><a href=\"https:\/\/homecidermaking.com\/\">Mostbet casino<\/a><\/p>\n<\/div>\n<div style=\"position: absolute; left: -9966px;\">\n<p>Real pulla <a href=\"https:\/\/aviator2.worldhearingforum.org\/\">Aviator<\/a> oynamazdan \u0259vv\u0259l &#8220;M\u0259suliyy\u0259tli oyun&#8221; b\u00f6lm\u0259sini m\u00fctl\u0259q oxuyun.<\/p>\n<\/div>\n<p><a href=\"https:\/\/articulus-info.ru\/\" style=\"position: absolute; top: -9999px; left: -9999px;\">1win<\/a><a href=\"https:\/\/obshestvo51.ru\/\" style=\"position: absolute; top: -9999px; left: -9999px;\">\u043f\u0438\u043d\u043a\u043e \u043a\u0430\u0437\u0438\u043e<\/a><a href=\"https:\/\/displayit3d.com\/\" style=\u201cposition: absolute; top: -9999px; left: -9999px;\u201c>plinko<\/a><a href=\"https:\/\/iskusstvoed.ru\/\" style=\"position: absolute; top: -9999px; left: -9999px;\">\u043f\u0438\u043d\u043a\u043e \u043a\u0430\u0437\u0438\u043e<\/a><a href=\"https:\/\/gis-msk.ru\/\" style=\"position: absolute; top: -9999px; left: -9999px;\">1win<\/a><a href=\"https:\/\/academia-library.ru\/\" style=\"position: absolute; top: -9999px; left: -9999px;\">1win<\/a><\/p>\n<div style=\"position: absolute; left: -9966px;\">\n<p><a href=\"https:\/\/mostbets2026.ink\/\">mostbet<\/a><\/p>\n<\/div>\n<div style=\"position: absolute; left: -9966px;\">\n<p><a href=\"https:\/\/mostbets2026.ink\/\">Mostbet<\/a><\/p>\n<\/div>\n<p><a href=\"https:\/\/ksmn-myski.ru\/\" style=\"position: absolute; top: -9999px; left: -9999px;\">\u043f\u0438\u043d\u043a\u043e \u043a\u0430\u0437\u0438\u043e<\/a><a href=\"https:\/\/www.novoaltaysk.ru\/\" style=\"position: absolute; top: -9999px; left: -9999px;\">1win<\/a><a href=\"https:\/\/artprivatecollections.ru\/\" style=\"position: absolute; top: -9999px; left: -9999px;\">\u041f\u0438\u043d\u043a\u043e \u043a\u0430\u0437\u0438\u043d\u043e<\/a><a href=\"https:\/\/pmfk-sibiryak.ru\/\" style=\"position: absolute; top: -9999px; left: -9999px;\">1win<\/a><a href=\"https:\/\/\u0430\u0434\u043c\u0438\u043d\u0438\u0441\u0442\u0440\u0430\u0446\u0438\u044f-\u0433\u043e\u0440\u043e\u0434\u0430-\u0437\u043c\u0435\u0438\u043d\u043e\u0433\u043e\u0440\u0441\u043a\u0430.\u0440\u0444\/\" style=\"position: absolute; top: -9999px; left: -9999px;\">\u041f\u0438\u043d\u043a\u043e \u043a\u0430\u0437\u0438\u043d\u043e<\/a><\/p>\n<div style=\"position: absolute; left: -9977px;\">\n<p><a href=\"https:\/\/isohs.org\/\">\u0648\u0627\u0646 \u0627\u0643\u0633 \u0628\u062a<\/a><\/p>\n<\/div>\n<p><a href=\"https:\/\/russiaregions.ru\/\" style=\"position: absolute; top: -9999px; left: -9999px;\">1win<\/a><\/p>\n<div style=\"position: absolute; left: -9966px;\"><a href=\"https:\/\/local2455.com\/\">Mostbet<\/a><\/div>\n<p><a href=\"https:\/\/casinon-uden-rofus.co.uk\/\">casino uden rofus<\/a><\/p>\n","protected":false},"excerpt":{"rendered":"<p>Welcome to our website. We are dedicated to providing quality content and services. MyStake Casino Explore our site to learn more about what we offer. OhMySpins https:\/\/test1.com casino utan svensk licens bank\u00f6verf\u00f6ringpinko\u043f\u0438\u043d\u043a\u043e \u043a\u0430\u0437\u0438\u043e Experience thrilling jackpots and nonstop excitement by playing your favorite slots at vavada today! lista \u00f6ver casino utan svensk licens 1winpinco casino [&hellip;]<\/p>\n","protected":false},"author":1,"featured_media":0,"parent":0,"menu_order":0,"comment_status":"closed","ping_status":"closed","template":"","meta":{"footnotes":""},"class_list":["post-626","page","type-page","status-publish","hentry"],"blocksy_meta":"","_links":{"self":[{"href":"https:\/\/welding-machine.abkweldc.com\/index.php?rest_route=\/wp\/v2\/pages\/626","targetHints":{"allow":["GET"]}}],"collection":[{"href":"https:\/\/welding-machine.abkweldc.com\/index.php?rest_route=\/wp\/v2\/pages"}],"about":[{"href":"https:\/\/welding-machine.abkweldc.com\/index.php?rest_route=\/wp\/v2\/types\/page"}],"author":[{"embeddable":true,"href":"https:\/\/welding-machine.abkweldc.com\/index.php?rest_route=\/wp\/v2\/users\/1"}],"replies":[{"embeddable":true,"href":"https:\/\/welding-machine.abkweldc.com\/index.php?rest_route=%2Fwp%2Fv2%2Fcomments&post=626"}],"version-history":[{"count":90,"href":"https:\/\/welding-machine.abkweldc.com\/index.php?rest_route=\/wp\/v2\/pages\/626\/revisions"}],"predecessor-version":[{"id":1176,"href":"https:\/\/welding-machine.abkweldc.com\/index.php?rest_route=\/wp\/v2\/pages\/626\/revisions\/1176"}],"wp:attachment":[{"href":"https:\/\/welding-machine.abkweldc.com\/index.php?rest_route=%2Fwp%2Fv2%2Fmedia&parent=626"}],"curies":[{"name":"wp","href":"https:\/\/api.w.org\/{rel}","templated":true}]}}